{"id":24503,"date":"2024-04-12T15:10:19","date_gmt":"2024-04-12T13:10:19","guid":{"rendered":"https:\/\/www.qualiterm.ro\/?page_id=24503"},"modified":"2024-05-05T21:24:08","modified_gmt":"2024-05-05T19:24:08","slug":"about","status":"publish","type":"page","link":"https:\/\/www.qualiterm.ro\/en\/about\/","title":{"rendered":"About Us"},"content":{"rendered":"<div class=\"wp-block-cover alignfull is-light\" style=\"padding-top:2%;min-height:30rem;aspect-ratio:unset;\"><span aria-hidden=\"true\" class=\"wp-block-cover__background has-background-dim-0 has-background-dim\" style=\"background-color:#7592b3\"><\/span><img loading=\"lazy\" decoding=\"async\" width=\"1322\" height=\"555\" class=\"wp-block-cover__image-background wp-image-24545\" alt=\"\" src=\"https:\/\/www.qualiterm.ro\/wordpress\/wp-content\/uploads\/2024\/04\/maxineni-foto-1-1.jpg\" data-object-fit=\"cover\" srcset=\"https:\/\/www.qualiterm.ro\/wordpress\/wp-content\/uploads\/2024\/04\/maxineni-foto-1-1.jpg 1322w, https:\/\/www.qualiterm.ro\/wordpress\/wp-content\/uploads\/2024\/04\/maxineni-foto-1-1-300x126.jpg 300w, https:\/\/www.qualiterm.ro\/wordpress\/wp-content\/uploads\/2024\/04\/maxineni-foto-1-1-1024x430.jpg 1024w, https:\/\/www.qualiterm.ro\/wordpress\/wp-content\/uploads\/2024\/04\/maxineni-foto-1-1-768x322.jpg 768w\" sizes=\"auto, (max-width: 1322px) 100vw, 1322px\" \/><div class=\"wp-block-cover__inner-container has-global-padding is-layout-constrained wp-container-core-cover-is-layout-1 wp-block-cover-is-layout-constrained\">\n<div class=\"wp-block-group alignwide is-vertical is-content-justification-center is-layout-flex wp-container-core-group-is-layout-2 wp-block-group-is-layout-flex\" style=\"min-height:8rem\">\n<div class=\"wp-block-group has-global-padding is-layout-constrained wp-container-core-group-is-layout-1 wp-block-group-is-layout-constrained\">\n<h2 class=\"wp-block-heading has-text-align-center has-text-color\" style=\"color:#ffffff;margin-top:0rem;margin-bottom:1.01rem;font-size:clamp(2.754rem, 2.754rem + ((1vw - 0.2rem) * 4.629), 5.3rem);font-style:normal;font-weight:700;line-height:2;text-transform:capitalize\">THE PUMP EXPERT<\/h2>\n<\/div>\n<\/div>\n<\/div><\/div>\n\n\n\n<section class=\"wp-block-group alignfull has-text-color has-global-padding is-layout-constrained wp-container-core-group-is-layout-5 wp-block-group-is-layout-constrained\" style=\"color:#03081e;margin-top:0px;padding-top:6.51rem;padding-right:1rem;padding-bottom:5.5rem;padding-left:1rem;font-size:clamp(0.875rem, 0.875rem + ((1vw - 0.2rem) * 0.464), 1.13rem);font-style:normal;font-weight:400;line-height:1.4\">\n<div class=\"wp-block-columns is-layout-flex wp-container-core-columns-is-layout-1 wp-block-columns-is-layout-flex\" style=\"margin-bottom:0px\">\n<div class=\"wp-block-column has-global-padding is-content-justification-left is-layout-constrained wp-container-core-column-is-layout-1 wp-block-column-is-layout-constrained\" style=\"flex-basis:45%\">\n<div style=\"height:100px\" aria-hidden=\"true\" class=\"wp-block-spacer\"><\/div>\n\n\n\n<figure class=\"wp-block-image aligncenter size-full is-resized\"><img loading=\"lazy\" decoding=\"async\" width=\"2560\" height=\"1920\" src=\"https:\/\/www.qualiterm.ro\/wordpress\/wp-content\/uploads\/2024\/04\/20230920_165536-2-scaled.jpg\" alt=\"\" class=\"wp-image-24544\" style=\"width:503px;height:auto\" srcset=\"https:\/\/www.qualiterm.ro\/wordpress\/wp-content\/uploads\/2024\/04\/20230920_165536-2-scaled.jpg 2560w, https:\/\/www.qualiterm.ro\/wordpress\/wp-content\/uploads\/2024\/04\/20230920_165536-2-300x225.jpg 300w, https:\/\/www.qualiterm.ro\/wordpress\/wp-content\/uploads\/2024\/04\/20230920_165536-2-1024x768.jpg 1024w, https:\/\/www.qualiterm.ro\/wordpress\/wp-content\/uploads\/2024\/04\/20230920_165536-2-768x576.jpg 768w, https:\/\/www.qualiterm.ro\/wordpress\/wp-content\/uploads\/2024\/04\/20230920_165536-2-1536x1152.jpg 1536w, https:\/\/www.qualiterm.ro\/wordpress\/wp-content\/uploads\/2024\/04\/20230920_165536-2-2048x1536.jpg 2048w\" sizes=\"auto, (max-width: 2560px) 100vw, 2560px\" \/><\/figure>\n<\/div>\n\n\n\n<div class=\"wp-block-column is-layout-flow wp-block-column-is-layout-flow\">\n<div class=\"wp-block-group is-vertical is-content-justification-left is-layout-flex wp-container-core-group-is-layout-4 wp-block-group-is-layout-flex\" style=\"min-height:100%\">\n<div class=\"wp-block-group has-global-padding is-content-justification-center is-layout-constrained wp-container-core-group-is-layout-3 wp-block-group-is-layout-constrained\">\n<h3 class=\"wp-block-heading has-text-align-left has-text-color\" style=\"color:#07277c;margin-top:0.5rem;margin-bottom:1.01rem;font-size:clamp(1.556rem, 1.556rem + ((1vw - 0.2rem) * 1.916), 2.61rem);font-style:normal;font-weight:500;letter-spacing:0px;line-height:1.3;text-transform:capitalize\"><strong>About Us<\/strong><\/h3>\n\n\n\n<p class=\"has-text-align-left has-text-color\" style=\"color:#03081e;margin-top:0rem;font-size:clamp(0.875rem, 0.875rem + ((1vw - 0.2rem) * 0.609), 1.21rem);font-style:normal;font-weight:400;line-height:1.6\">Our company located in Targu Mure\u0219 is one of the main suppliers of water pumps on the Romanian market. We cover all areas of water pumping, such as extracting raw water, pumping it to localities, municipal sewage networks, applications inside buildings, such as fire protection systems, HVAC systems, agricultural irrigation and industrial applications, especially thermal and hydropower plants. Our suppliers are manufacturing companies from Italy, Spain, Turkey and Slovenia. Our beneficiaries are numerous and extremely important ones, such as Municipal and County Water Companies, Thermal and Hydropower plants, localities with water intake and sewage systems, OUAI agriculture irrigation associations and many others. For us, the Quality-Price ratio is a priority, so we can deliver high-quality pumps to the market at fair prices.<\/p>\n<\/div>\n<\/div>\n<\/div>\n<\/div>\n<\/section>\n\n\n\n<section class=\"wp-block-cover alignfull is-light\" style=\"margin-top:0px;padding-bottom:13.51rem;min-height:476px;aspect-ratio:unset;\"><span aria-hidden=\"true\" class=\"wp-block-cover__background has-background-dim-0 has-background-dim\" style=\"background-color:#7592b3\"><\/span><img loading=\"lazy\" decoding=\"async\" width=\"1322\" height=\"555\" class=\"wp-block-cover__image-background wp-image-24546\" alt=\"\" src=\"https:\/\/www.qualiterm.ro\/wordpress\/wp-content\/uploads\/2024\/04\/maxineni-foto-1-2.jpg\" style=\"object-position:100% 40%\" data-object-fit=\"cover\" data-object-position=\"100% 40%\" srcset=\"https:\/\/www.qualiterm.ro\/wordpress\/wp-content\/uploads\/2024\/04\/maxineni-foto-1-2.jpg 1322w, https:\/\/www.qualiterm.ro\/wordpress\/wp-content\/uploads\/2024\/04\/maxineni-foto-1-2-300x126.jpg 300w, https:\/\/www.qualiterm.ro\/wordpress\/wp-content\/uploads\/2024\/04\/maxineni-foto-1-2-1024x430.jpg 1024w, https:\/\/www.qualiterm.ro\/wordpress\/wp-content\/uploads\/2024\/04\/maxineni-foto-1-2-768x322.jpg 768w\" sizes=\"auto, (max-width: 1322px) 100vw, 1322px\" \/><div class=\"wp-block-cover__inner-container has-global-padding is-layout-constrained wp-container-core-cover-is-layout-2 wp-block-cover-is-layout-constrained\">\n<div class=\"wp-block-group alignfull has-text-color has-global-padding is-layout-constrained wp-container-core-group-is-layout-10 wp-block-group-is-layout-constrained\" style=\"color:#252525;margin-top:0px;padding-top:0rem;padding-right:1rem;padding-bottom:0rem;padding-left:1rem;font-size:clamp(0.875rem, 0.875rem + ((1vw - 0.2rem) * 0.464), 1.13rem);font-style:normal;font-weight:400;line-height:1.4\">\n<div class=\"wp-block-group is-vertical is-content-justification-center is-layout-flex wp-container-core-group-is-layout-9 wp-block-group-is-layout-flex\">\n<div class=\"wp-block-group has-global-padding is-layout-constrained wp-container-core-group-is-layout-8 wp-block-group-is-layout-constrained\">\n<h2 class=\"wp-block-heading has-text-align-center has-text-color\" style=\"color:#07277c;margin-bottom:1.11rem;font-size:clamp(1.556rem, 1.556rem + ((1vw - 0.2rem) * 1.916), 2.61rem);font-style:normal;font-weight:500;line-height:1.2;text-transform:capitalize\">Get in touch with us<\/h2>\n\n\n\n<p class=\"has-text-align-center has-text-color\" style=\"color:#000000;margin-top:0rem;font-size:clamp(0.875rem, 0.875rem + ((1vw - 0.2rem) * 0.427), 1.11rem);font-style:normal;font-weight:700;line-height:1.6\">Contact us for any kind of water pump you need in your applications.<\/p>\n\n\n\n<div class=\"wp-block-group is-vertical is-content-justification-stretch is-layout-flex wp-container-core-group-is-layout-7 wp-block-group-is-layout-flex\" style=\"margin-top:0rem;padding-right:0px;padding-left:0px\">\n<div class=\"wp-block-group has-global-padding is-content-justification-center is-layout-constrained wp-container-core-group-is-layout-6 wp-block-group-is-layout-constrained\" style=\"margin-top:0px\">\n<div class=\"wp-block-buttons is-horizontal is-content-justification-right is-layout-flex wp-container-core-buttons-is-layout-1 wp-block-buttons-is-layout-flex\" style=\"margin-top:2.21rem\">\n<div class=\"wp-block-button has-custom-width wp-block-button__width-100 has-custom-font-size is-style-fill\" style=\"font-size:clamp(0.875rem, 0.875rem + ((1vw - 0.2rem) * 0.609), 1.21rem);font-style:normal;font-weight:400;line-height:1;text-transform:capitalize\"><a class=\"wp-block-button__link has-text-color has-background has-border-color wp-element-button\" href=\"https:\/\/www.qualiterm.ro\/en\/contact\/\" style=\"border-color:#041d55;border-style:solid;border-width:1px;border-radius:2.5rem;color:#07277c;background-color:#ffffff;padding-top:1.1rem;padding-right:0.81rem;padding-bottom:1.1rem;padding-left:0.81rem\">Contact<\/a><\/div>\n<\/div>\n<\/div>\n<\/div>\n<\/div>\n<\/div>\n<\/div>\n<\/div><\/section>","protected":false},"excerpt":{"rendered":"<p>Despre noi Firma noastr\u0103 localizat\u0103 \u00een Tg. Mure\u0219 este unul din principalii furnizori de pompe de ap\u0103 pe pia\u021ba din Rom\u00e2nia. Acoperim toate domeniile de pompare a apei, precum extragerea apei brute, pomparea acesteia c\u0103tre localit\u0103ti, canaliz\u0103ri municipale, aplica\u021bii din interiorul cl\u0103diriilor, precum sisteme antiincendiu, circula\u021bie agent termic si climatizare, iriga\u021bii agricole \u0219i aplica\u021bii industriale, [&hellip;]<\/p>","protected":false},"author":3,"featured_media":0,"parent":0,"menu_order":0,"comment_status":"closed","ping_status":"closed","template":"","meta":{"footnotes":""},"yoast_head":"<!-- This site is optimized with the Yoast SEO plugin v22.8 - https:\/\/yoast.com\/wordpress\/plugins\/seo\/ -->\n<title>Despre noi - Qualiterm<\/title>\n<meta name=\"robots\" content=\"index, follow, max-snippet:-1, max-image-preview:large, max-video-preview:-1\" \/>\n<link rel=\"canonical\" href=\"https:\/\/www.qualiterm.ro\/en\/about\/\" \/>\n<meta property=\"og:locale\" content=\"en_GB\" \/>\n<meta property=\"og:type\" content=\"article\" \/>\n<meta property=\"og:title\" content=\"Despre noi - Qualiterm\" \/>\n<meta property=\"og:description\" content=\"Despre noi Firma noastr\u0103 localizat\u0103 \u00een Tg. Mure\u0219 este unul din principalii furnizori de pompe de ap\u0103 pe pia\u021ba din Rom\u00e2nia. Acoperim toate domeniile de pompare a apei, precum extragerea apei brute, pomparea acesteia c\u0103tre localit\u0103ti, canaliz\u0103ri municipale, aplica\u021bii din interiorul cl\u0103diriilor, precum sisteme antiincendiu, circula\u021bie agent termic si climatizare, iriga\u021bii agricole \u0219i aplica\u021bii industriale, [&hellip;]\" \/>\n<meta property=\"og:url\" content=\"https:\/\/www.qualiterm.ro\/en\/about\/\" \/>\n<meta property=\"og:site_name\" content=\"Qualiterm\" \/>\n<meta property=\"article:modified_time\" content=\"2024-05-05T19:24:08+00:00\" \/>\n<meta property=\"og:image\" content=\"https:\/\/www.qualiterm.ro\/wordpress\/wp-content\/uploads\/2024\/04\/maxineni-foto-1-1.jpg\" \/>\n<meta name=\"twitter:card\" content=\"summary_large_image\" \/>\n<meta name=\"twitter:label1\" content=\"Estimated reading time\" \/>\n\t<meta name=\"twitter:data1\" content=\"1 minute\" \/>\n<script type=\"application\/ld+json\" class=\"yoast-schema-graph\">{\"@context\":\"https:\/\/schema.org\",\"@graph\":[{\"@type\":\"WebPage\",\"@id\":\"https:\/\/www.qualiterm.ro\/about\/\",\"url\":\"https:\/\/www.qualiterm.ro\/about\/\",\"name\":\"Despre noi - Qualiterm\",\"isPartOf\":{\"@id\":\"http:\/\/www.qualiterm.ro\/#website\"},\"primaryImageOfPage\":{\"@id\":\"https:\/\/www.qualiterm.ro\/about\/#primaryimage\"},\"image\":{\"@id\":\"https:\/\/www.qualiterm.ro\/about\/#primaryimage\"},\"thumbnailUrl\":\"https:\/\/www.qualiterm.ro\/wordpress\/wp-content\/uploads\/2024\/04\/maxineni-foto-1-1.jpg\",\"datePublished\":\"2024-04-12T13:10:19+00:00\",\"dateModified\":\"2024-05-05T19:24:08+00:00\",\"breadcrumb\":{\"@id\":\"https:\/\/www.qualiterm.ro\/about\/#breadcrumb\"},\"inLanguage\":\"en-GB\",\"potentialAction\":[{\"@type\":\"ReadAction\",\"target\":[\"https:\/\/www.qualiterm.ro\/about\/\"]}]},{\"@type\":\"ImageObject\",\"inLanguage\":\"en-GB\",\"@id\":\"https:\/\/www.qualiterm.ro\/about\/#primaryimage\",\"url\":\"https:\/\/www.qualiterm.ro\/wordpress\/wp-content\/uploads\/2024\/04\/maxineni-foto-1-1.jpg\",\"contentUrl\":\"https:\/\/www.qualiterm.ro\/wordpress\/wp-content\/uploads\/2024\/04\/maxineni-foto-1-1.jpg\"},{\"@type\":\"BreadcrumbList\",\"@id\":\"https:\/\/www.qualiterm.ro\/about\/#breadcrumb\",\"itemListElement\":[{\"@type\":\"ListItem\",\"position\":1,\"name\":\"Home\",\"item\":\"http:\/\/www.qualiterm.ro\/\"},{\"@type\":\"ListItem\",\"position\":2,\"name\":\"Despre noi\"}]},{\"@type\":\"WebSite\",\"@id\":\"http:\/\/www.qualiterm.ro\/#website\",\"url\":\"http:\/\/www.qualiterm.ro\/\",\"name\":\"Qualiterm\",\"description\":\"Solu\u021bii pentru ap\u0103, calitate de neegalat\",\"publisher\":{\"@id\":\"http:\/\/www.qualiterm.ro\/#organization\"},\"potentialAction\":[{\"@type\":\"SearchAction\",\"target\":{\"@type\":\"EntryPoint\",\"urlTemplate\":\"http:\/\/www.qualiterm.ro\/?s={search_term_string}\"},\"query-input\":\"required name=search_term_string\"}],\"inLanguage\":\"en-GB\"},{\"@type\":\"Organization\",\"@id\":\"http:\/\/www.qualiterm.ro\/#organization\",\"name\":\"Qualiterm\",\"url\":\"http:\/\/www.qualiterm.ro\/\",\"logo\":{\"@type\":\"ImageObject\",\"inLanguage\":\"en-GB\",\"@id\":\"http:\/\/www.qualiterm.ro\/#\/schema\/logo\/image\/\",\"url\":\"https:\/\/www.qualiterm.ro\/wordpress\/wp-content\/uploads\/2024\/04\/0480b89a-e6f5-4f44-971f-c7c927f00174-3.png\",\"contentUrl\":\"https:\/\/www.qualiterm.ro\/wordpress\/wp-content\/uploads\/2024\/04\/0480b89a-e6f5-4f44-971f-c7c927f00174-3.png\",\"width\":584,\"height\":183,\"caption\":\"Qualiterm\"},\"image\":{\"@id\":\"http:\/\/www.qualiterm.ro\/#\/schema\/logo\/image\/\"}}]}<\/script>\n<!-- \/ Yoast SEO plugin. -->","yoast_head_json":{"title":"Despre noi - Qualiterm","robots":{"index":"index","follow":"follow","max-snippet":"max-snippet:-1","max-image-preview":"max-image-preview:large","max-video-preview":"max-video-preview:-1"},"canonical":"https:\/\/www.qualiterm.ro\/en\/about\/","og_locale":"en_GB","og_type":"article","og_title":"Despre noi - Qualiterm","og_description":"Despre noi Firma noastr\u0103 localizat\u0103 \u00een Tg. Mure\u0219 este unul din principalii furnizori de pompe de ap\u0103 pe pia\u021ba din Rom\u00e2nia. Acoperim toate domeniile de pompare a apei, precum extragerea apei brute, pomparea acesteia c\u0103tre localit\u0103ti, canaliz\u0103ri municipale, aplica\u021bii din interiorul cl\u0103diriilor, precum sisteme antiincendiu, circula\u021bie agent termic si climatizare, iriga\u021bii agricole \u0219i aplica\u021bii industriale, [&hellip;]","og_url":"https:\/\/www.qualiterm.ro\/en\/about\/","og_site_name":"Qualiterm","article_modified_time":"2024-05-05T19:24:08+00:00","og_image":[{"url":"https:\/\/www.qualiterm.ro\/wordpress\/wp-content\/uploads\/2024\/04\/maxineni-foto-1-1.jpg"}],"twitter_card":"summary_large_image","twitter_misc":{"Estimated reading time":"1 minute"},"schema":{"@context":"https:\/\/schema.org","@graph":[{"@type":"WebPage","@id":"https:\/\/www.qualiterm.ro\/about\/","url":"https:\/\/www.qualiterm.ro\/about\/","name":"Despre noi - Qualiterm","isPartOf":{"@id":"http:\/\/www.qualiterm.ro\/#website"},"primaryImageOfPage":{"@id":"https:\/\/www.qualiterm.ro\/about\/#primaryimage"},"image":{"@id":"https:\/\/www.qualiterm.ro\/about\/#primaryimage"},"thumbnailUrl":"https:\/\/www.qualiterm.ro\/wordpress\/wp-content\/uploads\/2024\/04\/maxineni-foto-1-1.jpg","datePublished":"2024-04-12T13:10:19+00:00","dateModified":"2024-05-05T19:24:08+00:00","breadcrumb":{"@id":"https:\/\/www.qualiterm.ro\/about\/#breadcrumb"},"inLanguage":"en-GB","potentialAction":[{"@type":"ReadAction","target":["https:\/\/www.qualiterm.ro\/about\/"]}]},{"@type":"ImageObject","inLanguage":"en-GB","@id":"https:\/\/www.qualiterm.ro\/about\/#primaryimage","url":"https:\/\/www.qualiterm.ro\/wordpress\/wp-content\/uploads\/2024\/04\/maxineni-foto-1-1.jpg","contentUrl":"https:\/\/www.qualiterm.ro\/wordpress\/wp-content\/uploads\/2024\/04\/maxineni-foto-1-1.jpg"},{"@type":"BreadcrumbList","@id":"https:\/\/www.qualiterm.ro\/about\/#breadcrumb","itemListElement":[{"@type":"ListItem","position":1,"name":"Home","item":"http:\/\/www.qualiterm.ro\/"},{"@type":"ListItem","position":2,"name":"Despre noi"}]},{"@type":"WebSite","@id":"http:\/\/www.qualiterm.ro\/#website","url":"http:\/\/www.qualiterm.ro\/","name":"Qualiterm","description":"Solu\u021bii pentru ap\u0103, calitate de neegalat","publisher":{"@id":"http:\/\/www.qualiterm.ro\/#organization"},"potentialAction":[{"@type":"SearchAction","target":{"@type":"EntryPoint","urlTemplate":"http:\/\/www.qualiterm.ro\/?s={search_term_string}"},"query-input":"required name=search_term_string"}],"inLanguage":"en-GB"},{"@type":"Organization","@id":"http:\/\/www.qualiterm.ro\/#organization","name":"Qualiterm","url":"http:\/\/www.qualiterm.ro\/","logo":{"@type":"ImageObject","inLanguage":"en-GB","@id":"http:\/\/www.qualiterm.ro\/#\/schema\/logo\/image\/","url":"https:\/\/www.qualiterm.ro\/wordpress\/wp-content\/uploads\/2024\/04\/0480b89a-e6f5-4f44-971f-c7c927f00174-3.png","contentUrl":"https:\/\/www.qualiterm.ro\/wordpress\/wp-content\/uploads\/2024\/04\/0480b89a-e6f5-4f44-971f-c7c927f00174-3.png","width":584,"height":183,"caption":"Qualiterm"},"image":{"@id":"http:\/\/www.qualiterm.ro\/#\/schema\/logo\/image\/"}}]}},"_links":{"self":[{"href":"https:\/\/www.qualiterm.ro\/en\/wp-json\/wp\/v2\/pages\/24503"}],"collection":[{"href":"https:\/\/www.qualiterm.ro\/en\/wp-json\/wp\/v2\/pages"}],"about":[{"href":"https:\/\/www.qualiterm.ro\/en\/wp-json\/wp\/v2\/types\/page"}],"author":[{"embeddable":true,"href":"https:\/\/www.qualiterm.ro\/en\/wp-json\/wp\/v2\/users\/3"}],"replies":[{"embeddable":true,"href":"https:\/\/www.qualiterm.ro\/en\/wp-json\/wp\/v2\/comments?post=24503"}],"version-history":[{"count":11,"href":"https:\/\/www.qualiterm.ro\/en\/wp-json\/wp\/v2\/pages\/24503\/revisions"}],"predecessor-version":[{"id":24849,"href":"https:\/\/www.qualiterm.ro\/en\/wp-json\/wp\/v2\/pages\/24503\/revisions\/24849"}],"wp:attachment":[{"href":"https:\/\/www.qualiterm.ro\/en\/wp-json\/wp\/v2\/media?parent=24503"}],"curies":[{"name":"wp","href":"https:\/\/api.w.org\/{rel}","templated":true}]}}