{"id":24500,"date":"2024-04-12T15:10:00","date_gmt":"2024-04-12T13:10:00","guid":{"rendered":"https:\/\/www.qualiterm.ro\/?page_id=24500"},"modified":"2024-05-06T13:22:36","modified_gmt":"2024-05-06T11:22:36","slug":"home","status":"publish","type":"page","link":"https:\/\/www.qualiterm.ro\/en\/","title":{"rendered":"Home"},"content":{"rendered":"<div class=\"wp-block-cover alignfull is-light\" style=\"padding-top:2%;min-height:412px;aspect-ratio:unset;\"><span aria-hidden=\"true\" class=\"wp-block-cover__background has-background-dim-0 has-background-dim\" style=\"background-color:#8d817d\"><\/span><img loading=\"lazy\" decoding=\"async\" width=\"4096\" height=\"4096\" class=\"wp-block-cover__image-background wp-image-24611\" alt=\"\" src=\"https:\/\/www.qualiterm.ro\/wordpress\/wp-content\/uploads\/2024\/04\/OIG2-1.png\" data-object-fit=\"cover\" srcset=\"https:\/\/www.qualiterm.ro\/wordpress\/wp-content\/uploads\/2024\/04\/OIG2-1.png 4096w, https:\/\/www.qualiterm.ro\/wordpress\/wp-content\/uploads\/2024\/04\/OIG2-1-300x300.png 300w, https:\/\/www.qualiterm.ro\/wordpress\/wp-content\/uploads\/2024\/04\/OIG2-1-1024x1024.png 1024w, https:\/\/www.qualiterm.ro\/wordpress\/wp-content\/uploads\/2024\/04\/OIG2-1-150x150.png 150w, https:\/\/www.qualiterm.ro\/wordpress\/wp-content\/uploads\/2024\/04\/OIG2-1-768x768.png 768w, https:\/\/www.qualiterm.ro\/wordpress\/wp-content\/uploads\/2024\/04\/OIG2-1-1536x1536.png 1536w, https:\/\/www.qualiterm.ro\/wordpress\/wp-content\/uploads\/2024\/04\/OIG2-1-2048x2048.png 2048w\" sizes=\"auto, (max-width: 4096px) 100vw, 4096px\" \/><div class=\"wp-block-cover__inner-container has-global-padding is-layout-constrained wp-container-core-cover-is-layout-1 wp-block-cover-is-layout-constrained\">\n<div class=\"wp-block-group alignwide is-vertical is-content-justification-center is-layout-flex wp-container-core-group-is-layout-4 wp-block-group-is-layout-flex\" style=\"min-height:35rem\">\n<div class=\"wp-block-group has-small-font-size has-global-padding is-layout-constrained wp-container-core-group-is-layout-3 wp-block-group-is-layout-constrained\" style=\"min-height:0px;margin-top:0;margin-bottom:0;padding-top:0;padding-right:0;padding-bottom:0;padding-left:0\">\n<div style=\"height:140px\" aria-hidden=\"true\" class=\"wp-block-spacer\"><\/div>\n\n\n\n<h3 class=\"wp-block-heading has-text-align-center has-text-color\" style=\"color:#182756;margin-top:0;margin-bottom:0rem;font-size:clamp(2.671rem, 2.671rem + ((1vw - 0.2rem) * 4.416), 5.1rem);font-style:italic;font-weight:700;line-height:2;text-transform:none\">THE PUMP EXPERT<\/h3>\n\n\n\n<div class=\"wp-block-group is-vertical is-content-justification-stretch is-layout-flex wp-container-core-group-is-layout-2 wp-block-group-is-layout-flex\" style=\"margin-top:0rem;padding-right:0px;padding-left:0px\">\n<div class=\"wp-block-group has-global-padding is-content-justification-center is-layout-constrained wp-container-core-group-is-layout-1 wp-block-group-is-layout-constrained\" style=\"margin-top:0px\">\n<div class=\"wp-block-buttons is-horizontal is-content-justification-right is-layout-flex wp-container-core-buttons-is-layout-1 wp-block-buttons-is-layout-flex\" style=\"margin-top:0.21rem\">\n<div class=\"wp-block-button has-custom-width wp-block-button__width-100 has-custom-font-size is-style-fill\" style=\"font-size:clamp(0.875rem, 0.875rem + ((1vw - 0.2rem) * 0.609), 1.21rem);font-style:normal;font-weight:400;line-height:1;text-transform:capitalize\"><a class=\"wp-block-button__link has-text-color has-background has-border-color wp-element-button\" href=\"https:\/\/www.qualiterm.ro\/en\/our-pumps\/\" style=\"border-color:#041d55;border-style:solid;border-width:1px;border-radius:2.5rem;color:#07277c;background-color:#ffffff;padding-top:1.1rem;padding-right:0.81rem;padding-bottom:1.1rem;padding-left:0.81rem\"><strong>Our Pumps<\/strong><\/a><\/div>\n<\/div>\n<\/div>\n<\/div>\n<\/div>\n<\/div>\n<\/div><\/div>\n\n\n\n<section class=\"wp-block-group alignfull has-text-color has-background has-global-padding is-layout-constrained wp-container-core-group-is-layout-7 wp-block-group-is-layout-constrained\" style=\"color:#03081e;background-color:#eff9ff;margin-top:0px;padding-top:5.01rem;padding-right:1rem;padding-bottom:5.5rem;padding-left:1rem;font-size:clamp(0.875rem, 0.875rem + ((1vw - 0.2rem) * 0.464), 1.13rem);font-style:normal;font-weight:400;line-height:1.4\">\n<div class=\"wp-block-columns is-layout-flex wp-container-core-columns-is-layout-1 wp-block-columns-is-layout-flex\" style=\"margin-bottom:0px\">\n<div class=\"wp-block-column has-global-padding is-content-justification-left is-layout-constrained wp-container-core-column-is-layout-1 wp-block-column-is-layout-constrained\" style=\"flex-basis:45%\">\n<figure class=\"wp-block-image aligncenter size-full is-resized\"><img loading=\"lazy\" decoding=\"async\" width=\"1322\" height=\"555\" src=\"https:\/\/www.qualiterm.ro\/wordpress\/wp-content\/uploads\/2024\/04\/maxineni-foto-1.jpg\" alt=\"\" class=\"wp-image-24536\" style=\"width:560px;height:auto\" srcset=\"https:\/\/www.qualiterm.ro\/wordpress\/wp-content\/uploads\/2024\/04\/maxineni-foto-1.jpg 1322w, https:\/\/www.qualiterm.ro\/wordpress\/wp-content\/uploads\/2024\/04\/maxineni-foto-1-300x126.jpg 300w, https:\/\/www.qualiterm.ro\/wordpress\/wp-content\/uploads\/2024\/04\/maxineni-foto-1-1024x430.jpg 1024w, https:\/\/www.qualiterm.ro\/wordpress\/wp-content\/uploads\/2024\/04\/maxineni-foto-1-768x322.jpg 768w\" sizes=\"auto, (max-width: 1322px) 100vw, 1322px\" \/><\/figure>\n<\/div>\n\n\n\n<div class=\"wp-block-column is-layout-flow wp-block-column-is-layout-flow\">\n<div class=\"wp-block-group is-vertical is-content-justification-left is-layout-flex wp-container-core-group-is-layout-6 wp-block-group-is-layout-flex\" style=\"min-height:100%\">\n<div class=\"wp-block-group has-global-padding is-content-justification-center is-layout-constrained wp-container-core-group-is-layout-5 wp-block-group-is-layout-constrained\">\n<h3 class=\"wp-block-heading has-text-align-left has-text-color\" style=\"color:#07277c;margin-top:0.5rem;margin-bottom:1.01rem;font-size:clamp(1.556rem, 1.556rem + ((1vw - 0.2rem) * 1.916), 2.61rem);font-style:normal;font-weight:500;letter-spacing:0px;line-height:1.3;text-transform:capitalize\"><strong>We Provide<\/strong><\/h3>\n\n\n\n<p class=\"has-text-align-left has-text-color\" style=\"color:#03081e;margin-top:0rem;font-size:clamp(0.875rem, 0.875rem + ((1vw - 0.2rem) * 0.609), 1.21rem);font-style:normal;font-weight:400;line-height:1.6\">Clean water and dirty water pumps, booster sets and industrial pump systems, fire fighting and agricultural irrigation.<\/p>\n<\/div>\n<\/div>\n<\/div>\n<\/div>\n<\/section>\n\n\n\n<section class=\"wp-block-cover alignfull is-light\" style=\"margin-top:0px;padding-bottom:12.51rem;min-height:318px;aspect-ratio:unset;\"><span aria-hidden=\"true\" class=\"wp-block-cover__background has-background-dim-0 has-background-dim\" style=\"background-color:#8b9292\"><\/span><img loading=\"lazy\" decoding=\"async\" width=\"4096\" height=\"4096\" class=\"wp-block-cover__image-background wp-image-24614\" alt=\"\" src=\"https:\/\/www.qualiterm.ro\/wordpress\/wp-content\/uploads\/2024\/04\/OIG2-1-1.png\" style=\"object-position:46% 34%\" data-object-fit=\"cover\" data-object-position=\"46% 34%\" srcset=\"https:\/\/www.qualiterm.ro\/wordpress\/wp-content\/uploads\/2024\/04\/OIG2-1-1.png 4096w, https:\/\/www.qualiterm.ro\/wordpress\/wp-content\/uploads\/2024\/04\/OIG2-1-1-300x300.png 300w, https:\/\/www.qualiterm.ro\/wordpress\/wp-content\/uploads\/2024\/04\/OIG2-1-1-1024x1024.png 1024w, https:\/\/www.qualiterm.ro\/wordpress\/wp-content\/uploads\/2024\/04\/OIG2-1-1-150x150.png 150w, https:\/\/www.qualiterm.ro\/wordpress\/wp-content\/uploads\/2024\/04\/OIG2-1-1-768x768.png 768w, https:\/\/www.qualiterm.ro\/wordpress\/wp-content\/uploads\/2024\/04\/OIG2-1-1-1536x1536.png 1536w, https:\/\/www.qualiterm.ro\/wordpress\/wp-content\/uploads\/2024\/04\/OIG2-1-1-2048x2048.png 2048w\" sizes=\"auto, (max-width: 4096px) 100vw, 4096px\" \/><div class=\"wp-block-cover__inner-container has-global-padding is-layout-constrained wp-container-core-cover-is-layout-2 wp-block-cover-is-layout-constrained\">\n<div class=\"wp-block-group alignfull has-text-color has-global-padding is-layout-constrained wp-container-core-group-is-layout-12 wp-block-group-is-layout-constrained\" style=\"color:#252525;margin-top:0px;padding-top:0rem;padding-right:1rem;padding-bottom:0rem;padding-left:1rem;font-size:clamp(0.875rem, 0.875rem + ((1vw - 0.2rem) * 0.464), 1.13rem);font-style:normal;font-weight:400;line-height:1.4\">\n<div class=\"wp-block-group is-vertical is-content-justification-center is-layout-flex wp-container-core-group-is-layout-11 wp-block-group-is-layout-flex\">\n<div class=\"wp-block-group has-global-padding is-layout-constrained wp-container-core-group-is-layout-10 wp-block-group-is-layout-constrained\">\n<div style=\"height:100px\" aria-hidden=\"true\" class=\"wp-block-spacer\"><\/div>\n\n\n\n<h2 class=\"wp-block-heading has-text-align-center has-text-color\" style=\"color:#182756;margin-bottom:1.11rem;font-size:clamp(1.556rem, 1.556rem + ((1vw - 0.2rem) * 1.916), 2.61rem);font-style:normal;font-weight:500;line-height:1.2;text-transform:capitalize\"><strong>Contact Us<\/strong><\/h2>\n\n\n\n<p class=\"has-text-align-center has-text-color has-background\" style=\"color:#182756;background-color:#4b6db300;margin-top:0rem;font-size:clamp(0.875rem, 0.875rem + ((1vw - 0.2rem) * 0.427), 1.11rem);font-style:normal;font-weight:700;line-height:1.6\">Contact us to find the best solutions for your water pump needs.<\/p>\n\n\n\n<div class=\"wp-block-group is-vertical is-content-justification-stretch is-layout-flex wp-container-core-group-is-layout-9 wp-block-group-is-layout-flex\" style=\"margin-top:0rem;padding-right:0px;padding-left:0px\">\n<div class=\"wp-block-group has-global-padding is-content-justification-center is-layout-constrained wp-container-core-group-is-layout-8 wp-block-group-is-layout-constrained\" style=\"margin-top:0px\">\n<div class=\"wp-block-buttons is-horizontal is-content-justification-right is-layout-flex wp-container-core-buttons-is-layout-2 wp-block-buttons-is-layout-flex\" style=\"margin-top:2.21rem\">\n<div class=\"wp-block-button has-custom-width wp-block-button__width-100 has-custom-font-size is-style-fill\" style=\"font-size:clamp(0.875rem, 0.875rem + ((1vw - 0.2rem) * 0.609), 1.21rem);font-style:normal;font-weight:400;line-height:1;text-transform:capitalize\"><a class=\"wp-block-button__link has-text-color has-background has-border-color wp-element-button\" href=\"https:\/\/www.qualiterm.ro\/en\/contact\/\" style=\"border-color:#041d55;border-style:solid;border-width:1px;border-radius:2.5rem;color:#07277c;background-color:#ffffff;padding-top:1.1rem;padding-right:0.81rem;padding-bottom:1.1rem;padding-left:0.81rem\"><strong>Contact Us<\/strong><\/a><\/div>\n<\/div>\n<\/div>\n<\/div>\n<\/div>\n<\/div>\n<\/div>\n<\/div><\/section>","protected":false},"excerpt":{"rendered":"<p>Furniz\u0103m Pompe pentru ap\u0103 curat\u0103 \u0219i murdar\u0103, grupuri de ridicare a presiunii, sisteme de pompe industriale, stingerea incendiilor \u0219i iriga\u021bii agricole.<\/p>","protected":false},"author":3,"featured_media":0,"parent":0,"menu_order":0,"comment_status":"closed","ping_status":"closed","template":"","meta":{"footnotes":""},"yoast_head":"<!-- This site is optimized with the Yoast SEO plugin v22.8 - https:\/\/yoast.com\/wordpress\/plugins\/seo\/ -->\n<title>Acas\u0103 - Qualiterm<\/title>\n<meta name=\"robots\" content=\"index, follow, max-snippet:-1, max-image-preview:large, max-video-preview:-1\" \/>\n<link rel=\"canonical\" href=\"https:\/\/www.qualiterm.ro\/en\/\" \/>\n<meta property=\"og:locale\" content=\"en_GB\" \/>\n<meta property=\"og:type\" content=\"article\" \/>\n<meta property=\"og:title\" content=\"Acas\u0103 - Qualiterm\" \/>\n<meta property=\"og:description\" content=\"Furniz\u0103m Pompe pentru ap\u0103 curat\u0103 \u0219i murdar\u0103, grupuri de ridicare a presiunii, sisteme de pompe industriale, stingerea incendiilor \u0219i iriga\u021bii agricole.\" \/>\n<meta property=\"og:url\" content=\"https:\/\/www.qualiterm.ro\/en\/\" \/>\n<meta property=\"og:site_name\" content=\"Qualiterm\" \/>\n<meta property=\"article:modified_time\" content=\"2024-05-06T11:22:36+00:00\" \/>\n<meta property=\"og:image\" content=\"https:\/\/www.qualiterm.ro\/wordpress\/wp-content\/uploads\/2024\/04\/OIG2-1.png\" \/>\n<meta name=\"twitter:card\" content=\"summary_large_image\" \/>\n<script type=\"application\/ld+json\" class=\"yoast-schema-graph\">{\"@context\":\"https:\/\/schema.org\",\"@graph\":[{\"@type\":\"WebPage\",\"@id\":\"http:\/\/www.qualiterm.ro\/\",\"url\":\"http:\/\/www.qualiterm.ro\/\",\"name\":\"Acas\u0103 - Qualiterm\",\"isPartOf\":{\"@id\":\"http:\/\/www.qualiterm.ro\/#website\"},\"primaryImageOfPage\":{\"@id\":\"http:\/\/www.qualiterm.ro\/#primaryimage\"},\"image\":{\"@id\":\"http:\/\/www.qualiterm.ro\/#primaryimage\"},\"thumbnailUrl\":\"https:\/\/www.qualiterm.ro\/wordpress\/wp-content\/uploads\/2024\/04\/OIG2-1.png\",\"datePublished\":\"2024-04-12T13:10:00+00:00\",\"dateModified\":\"2024-05-06T11:22:36+00:00\",\"breadcrumb\":{\"@id\":\"http:\/\/www.qualiterm.ro\/#breadcrumb\"},\"inLanguage\":\"en-GB\",\"potentialAction\":[{\"@type\":\"ReadAction\",\"target\":[\"http:\/\/www.qualiterm.ro\/\"]}]},{\"@type\":\"ImageObject\",\"inLanguage\":\"en-GB\",\"@id\":\"http:\/\/www.qualiterm.ro\/#primaryimage\",\"url\":\"https:\/\/www.qualiterm.ro\/wordpress\/wp-content\/uploads\/2024\/04\/OIG2-1.png\",\"contentUrl\":\"https:\/\/www.qualiterm.ro\/wordpress\/wp-content\/uploads\/2024\/04\/OIG2-1.png\"},{\"@type\":\"BreadcrumbList\",\"@id\":\"http:\/\/www.qualiterm.ro\/#breadcrumb\",\"itemListElement\":[{\"@type\":\"ListItem\",\"position\":1,\"name\":\"Home\",\"item\":\"http:\/\/www.qualiterm.ro\/\"},{\"@type\":\"ListItem\",\"position\":2,\"name\":\"Acas\u0103\"}]},{\"@type\":\"WebSite\",\"@id\":\"http:\/\/www.qualiterm.ro\/#website\",\"url\":\"http:\/\/www.qualiterm.ro\/\",\"name\":\"Qualiterm\",\"description\":\"Solu\u021bii pentru ap\u0103, calitate de neegalat\",\"publisher\":{\"@id\":\"http:\/\/www.qualiterm.ro\/#organization\"},\"potentialAction\":[{\"@type\":\"SearchAction\",\"target\":{\"@type\":\"EntryPoint\",\"urlTemplate\":\"http:\/\/www.qualiterm.ro\/?s={search_term_string}\"},\"query-input\":\"required name=search_term_string\"}],\"inLanguage\":\"en-GB\"},{\"@type\":\"Organization\",\"@id\":\"http:\/\/www.qualiterm.ro\/#organization\",\"name\":\"Qualiterm\",\"url\":\"http:\/\/www.qualiterm.ro\/\",\"logo\":{\"@type\":\"ImageObject\",\"inLanguage\":\"en-GB\",\"@id\":\"http:\/\/www.qualiterm.ro\/#\/schema\/logo\/image\/\",\"url\":\"https:\/\/www.qualiterm.ro\/wordpress\/wp-content\/uploads\/2024\/04\/0480b89a-e6f5-4f44-971f-c7c927f00174-3.png\",\"contentUrl\":\"https:\/\/www.qualiterm.ro\/wordpress\/wp-content\/uploads\/2024\/04\/0480b89a-e6f5-4f44-971f-c7c927f00174-3.png\",\"width\":584,\"height\":183,\"caption\":\"Qualiterm\"},\"image\":{\"@id\":\"http:\/\/www.qualiterm.ro\/#\/schema\/logo\/image\/\"}}]}<\/script>\n<!-- \/ Yoast SEO plugin. -->","yoast_head_json":{"title":"Acas\u0103 - Qualiterm","robots":{"index":"index","follow":"follow","max-snippet":"max-snippet:-1","max-image-preview":"max-image-preview:large","max-video-preview":"max-video-preview:-1"},"canonical":"https:\/\/www.qualiterm.ro\/en\/","og_locale":"en_GB","og_type":"article","og_title":"Acas\u0103 - Qualiterm","og_description":"Furniz\u0103m Pompe pentru ap\u0103 curat\u0103 \u0219i murdar\u0103, grupuri de ridicare a presiunii, sisteme de pompe industriale, stingerea incendiilor \u0219i iriga\u021bii agricole.","og_url":"https:\/\/www.qualiterm.ro\/en\/","og_site_name":"Qualiterm","article_modified_time":"2024-05-06T11:22:36+00:00","og_image":[{"url":"https:\/\/www.qualiterm.ro\/wordpress\/wp-content\/uploads\/2024\/04\/OIG2-1.png"}],"twitter_card":"summary_large_image","schema":{"@context":"https:\/\/schema.org","@graph":[{"@type":"WebPage","@id":"http:\/\/www.qualiterm.ro\/","url":"http:\/\/www.qualiterm.ro\/","name":"Acas\u0103 - Qualiterm","isPartOf":{"@id":"http:\/\/www.qualiterm.ro\/#website"},"primaryImageOfPage":{"@id":"http:\/\/www.qualiterm.ro\/#primaryimage"},"image":{"@id":"http:\/\/www.qualiterm.ro\/#primaryimage"},"thumbnailUrl":"https:\/\/www.qualiterm.ro\/wordpress\/wp-content\/uploads\/2024\/04\/OIG2-1.png","datePublished":"2024-04-12T13:10:00+00:00","dateModified":"2024-05-06T11:22:36+00:00","breadcrumb":{"@id":"http:\/\/www.qualiterm.ro\/#breadcrumb"},"inLanguage":"en-GB","potentialAction":[{"@type":"ReadAction","target":["http:\/\/www.qualiterm.ro\/"]}]},{"@type":"ImageObject","inLanguage":"en-GB","@id":"http:\/\/www.qualiterm.ro\/#primaryimage","url":"https:\/\/www.qualiterm.ro\/wordpress\/wp-content\/uploads\/2024\/04\/OIG2-1.png","contentUrl":"https:\/\/www.qualiterm.ro\/wordpress\/wp-content\/uploads\/2024\/04\/OIG2-1.png"},{"@type":"BreadcrumbList","@id":"http:\/\/www.qualiterm.ro\/#breadcrumb","itemListElement":[{"@type":"ListItem","position":1,"name":"Home","item":"http:\/\/www.qualiterm.ro\/"},{"@type":"ListItem","position":2,"name":"Acas\u0103"}]},{"@type":"WebSite","@id":"http:\/\/www.qualiterm.ro\/#website","url":"http:\/\/www.qualiterm.ro\/","name":"Qualiterm","description":"Solu\u021bii pentru ap\u0103, calitate de neegalat","publisher":{"@id":"http:\/\/www.qualiterm.ro\/#organization"},"potentialAction":[{"@type":"SearchAction","target":{"@type":"EntryPoint","urlTemplate":"http:\/\/www.qualiterm.ro\/?s={search_term_string}"},"query-input":"required name=search_term_string"}],"inLanguage":"en-GB"},{"@type":"Organization","@id":"http:\/\/www.qualiterm.ro\/#organization","name":"Qualiterm","url":"http:\/\/www.qualiterm.ro\/","logo":{"@type":"ImageObject","inLanguage":"en-GB","@id":"http:\/\/www.qualiterm.ro\/#\/schema\/logo\/image\/","url":"https:\/\/www.qualiterm.ro\/wordpress\/wp-content\/uploads\/2024\/04\/0480b89a-e6f5-4f44-971f-c7c927f00174-3.png","contentUrl":"https:\/\/www.qualiterm.ro\/wordpress\/wp-content\/uploads\/2024\/04\/0480b89a-e6f5-4f44-971f-c7c927f00174-3.png","width":584,"height":183,"caption":"Qualiterm"},"image":{"@id":"http:\/\/www.qualiterm.ro\/#\/schema\/logo\/image\/"}}]}},"_links":{"self":[{"href":"https:\/\/www.qualiterm.ro\/en\/wp-json\/wp\/v2\/pages\/24500"}],"collection":[{"href":"https:\/\/www.qualiterm.ro\/en\/wp-json\/wp\/v2\/pages"}],"about":[{"href":"https:\/\/www.qualiterm.ro\/en\/wp-json\/wp\/v2\/types\/page"}],"author":[{"embeddable":true,"href":"https:\/\/www.qualiterm.ro\/en\/wp-json\/wp\/v2\/users\/3"}],"replies":[{"embeddable":true,"href":"https:\/\/www.qualiterm.ro\/en\/wp-json\/wp\/v2\/comments?post=24500"}],"version-history":[{"count":21,"href":"https:\/\/www.qualiterm.ro\/en\/wp-json\/wp\/v2\/pages\/24500\/revisions"}],"predecessor-version":[{"id":24856,"href":"https:\/\/www.qualiterm.ro\/en\/wp-json\/wp\/v2\/pages\/24500\/revisions\/24856"}],"wp:attachment":[{"href":"https:\/\/www.qualiterm.ro\/en\/wp-json\/wp\/v2\/media?parent=24500"}],"curies":[{"name":"wp","href":"https:\/\/api.w.org\/{rel}","templated":true}]}}